{"id":187,"date":"2025-06-25T09:48:48","date_gmt":"2025-06-25T07:48:48","guid":{"rendered":"https:\/\/akashasindler.at\/?page_id=187"},"modified":"2025-06-27T08:56:36","modified_gmt":"2025-06-27T06:56:36","slug":"datenschutzerklaerung","status":"publish","type":"page","link":"https:\/\/akashasindler.at\/es\/datenschutzerklaerung\/","title":{"rendered":"Pol\u00edtica de privacidad"},"content":{"rendered":"<div class=\"wp-block-stackable-columns alignfull stk-block-columns stk-block stk-cdcdfb9\" data-block-id=\"cdcdfb9\"><style>.stk-cdcdfb9-column{max-width:44% !important;min-width:auto !important;}<\/style><div class=\"stk-row stk-inner-blocks stk-block-content stk-content-align stk-cdcdfb9-column alignfull\">\n<div class=\"wp-block-stackable-column stk-block-column stk-column stk-block stk-c4fd98c\" data-v=\"4\" data-block-id=\"c4fd98c\"><div class=\"stk-column-wrapper stk-block-column__content stk-container stk-c4fd98c-container stk--no-background stk--no-padding\"><div class=\"stk-block-content stk-inner-blocks stk-c4fd98c-inner-blocks\">\n<p class=\"has-medium-font-size\">de acuerdo con el Art. 13 RGPD<\/p>\n\n\n\n<p>La protecci\u00f3n de sus datos personales es una prioridad para m\u00ed. Por lo tanto, solo procesar\u00e9 sus datos bas\u00e1ndome en las disposiciones legales (RGPD, TKG 2003). En esta pol\u00edtica de privacidad, le informo sobre c\u00f3mo se manejan los datos personales en este sitio web.<\/p>\n\n\n\n<hr class=\"wp-block-separator has-alpha-channel-opacity\"\/>\n\n\n\n<h3 class=\"wp-block-heading\">1. Responsable del tratamiento<\/h3>\n\n\n\n<p><strong>Akasha Sindler, BA<\/strong><br>Dienersdorf 84<br>8224 Kaindorf<br>Austria<br>Correo electr\u00f3nico: <a>mail@akashasindler.at<\/a><\/p>\n\n\n\n<hr class=\"wp-block-separator has-alpha-channel-opacity\"\/>\n\n\n\n<h3 class=\"wp-block-heading\">2. Contacto a trav\u00e9s del formulario de contacto<\/h3>\n\n\n\n<p>Cuando se pone en contacto conmigo a trav\u00e9s del formulario de contacto en este sitio web, los datos personales que proporciona, como su nombre, direcci\u00f3n de correo electr\u00f3nico y mensaje, se utilizar\u00e1n exclusivamente para procesar su consulta. No se realizar\u00e1 ninguna divulgaci\u00f3n a terceros.<\/p>\n\n\n\n<p><strong>Base legal:<\/strong><br>Art. 6, apartado 1, letra b del RGPD (medidas precontractuales o cumplimiento de contrato)<\/p>\n\n\n\n<p><strong>Duraci\u00f3n del almacenamiento:<\/strong><br>Los datos transmitidos se almacenar\u00e1n solo durante el tiempo necesario para procesar su solicitud. Despu\u00e9s de eso, ser\u00e1n eliminados, a menos que existan obligaciones legales de conservaci\u00f3n.<\/p>\n\n\n\n<hr class=\"wp-block-separator has-alpha-channel-opacity\"\/>\n\n\n\n<h3 class=\"wp-block-heading\">3. Sus derechos<\/h3>\n\n\n\n<p>Usted, como persona afectada, tiene derecho a:<\/p>\n\n\n\n<ul class=\"wp-block-list\">\n<li>Obtener informaci\u00f3n sobre sus datos almacenados (Art. 15 RGPD)<\/li>\n\n\n\n<li>Corregir datos incorrectos (Art. 16 RGPD)<\/li>\n\n\n\n<li>Eliminar sus datos (Art. 17 RGPD)<\/li>\n\n\n\n<li>Limitar el procesamiento (Art. 18 RGPD)<\/li>\n\n\n\n<li>Transferir datos (Art. 20 RGPD)<\/li>\n\n\n\n<li>Oponerse al procesamiento (Art. 21 RGPD)<\/li>\n<\/ul>\n\n\n\n<p>Por favor, env\u00ede su solicitud por correo electr\u00f3nico a <a href=\"mailto:mail@akashasindler.at\">mail@akashasindler.at<\/a>.<\/p>\n\n\n\n<p>Si cree que el procesamiento de sus datos infringe la legislaci\u00f3n de protecci\u00f3n de datos, puede presentar una queja ante la autoridad de supervisi\u00f3n competente:<br><strong>Autoridad de Protecci\u00f3n de Datos de Austria<\/strong><br>Barichgasse 40\u201342<br>1030 Viena<br><a>www.dsb.gv.at<\/a><\/p>\n\n\n\n<hr class=\"wp-block-separator has-alpha-channel-opacity\"\/>\n\n\n\n<h3 class=\"wp-block-heading\">4. Seguridad de los datos<\/h3>\n\n\n\n<p>Este sitio web utiliza una conexi\u00f3n cifrada (SSL\/HTTPS) para transmitir sus datos de manera segura y protegerlos contra accesos no autorizados.<\/p>\n\n\n\n<hr class=\"wp-block-separator has-alpha-channel-opacity\"\/>\n\n\n\n<h3 class=\"wp-block-heading\">5. Hosting y archivos de registro del servidor<\/h3>\n\n\n\n<p>Die Website wird bei <strong>Greensta.de<\/strong>El sitio web se encuentra alojado en Greensta.de, una marca de teuto.net Netzdienste GmbH. Los servidores se encuentran exclusivamente en Alemania. Para el funcionamiento del sitio web, se ha celebrado un contrato de procesamiento de datos con el proveedor de hosting de acuerdo con el Art. 28 del RGPD.<\/p>\n\n\n\n<p>Greensta almacena datos <strong>temporales de registro del servidor<\/strong> (por ejemplo, direcci\u00f3n IP de forma abreviada\/an\u00f3nima, tipo de navegador, hora, p\u00e1ginas visitadas) al acceder al sitio web, para garantizar la seguridad y funcionalidad del sitio. La direcci\u00f3n IP <strong>no se almacena de forma completa<\/strong>sino que se anonimiza.<\/p>\n\n\n\n<p>Estos datos <strong>no se utilizan para crear perfiles de usuario ni con fines de marketing<\/strong> y <strong>se eliminan a m\u00e1s tardar despu\u00e9s de 30 d\u00edas.<\/strong>.<\/p>\n\n\n\n<p>Puede encontrar m\u00e1s informaci\u00f3n en la pol\u00edtica de privacidad del proveedor de hosting en:<br>\ud83d\udc49 <a>https:\/\/www.greensta.de\/datenschutzerklaerung\/<\/a><\/p>\n\n\n\n<hr class=\"wp-block-separator has-alpha-channel-opacity\"\/>\n\n\n\n<h3 class=\"wp-block-heading\">6. Uso de cookies<\/h3>\n\n\n\n<p>Al visitar este sitio web, se establece una \u00fanica cookie t\u00e9cnica necesaria:<\/p>\n\n\n\n<ul class=\"wp-block-list\">\n<li><strong>Nombre:<\/strong> <code>wordpress_test_cookie<\/code><\/li>\n\n\n\n<li><strong>Prop\u00f3sito:<\/strong> Verificaci\u00f3n de si su navegador acepta cookies<\/li>\n\n\n\n<li><strong>Duraci\u00f3n del almacenamiento:<\/strong> Solo durante la duraci\u00f3n de su sesi\u00f3n<\/li>\n\n\n\n<li><strong>Privacidad:<\/strong> Esta cookie no contiene datos personales y se elimina autom\u00e1ticamente cuando se cierra el navegador.<\/li>\n<\/ul>\n\n\n\n<p>Dado que no se utilizan otras cookies o servicios de seguimiento, no se requiere una ventana emergente de cookies.<\/p>\n\n\n\n<hr class=\"wp-block-separator has-alpha-channel-opacity\"\/>\n\n\n\n<p>Si tiene preguntas sobre la privacidad en este sitio web o desea ejercer alguno de sus derechos, por favor, env\u00ede un correo electr\u00f3nico a <a href=\"mailto:akashasindler.at\">mail@akashasindler.at<\/a>.<\/p>\n<\/div><\/div><\/div>\n<\/div><\/div>","protected":false},"excerpt":{"rendered":"<p>gem\u00e4\u00df Art. 13 DSGVO Der Schutz Ihrer pers\u00f6nlichen Daten ist mir ein besonderes Anliegen. Ich verarbeite Ihre Daten daher ausschlie\u00dflich auf Grundlage der gesetzlichen Bestimmungen (DSGVO, TKG 2003). In dieser Datenschutzerkl\u00e4rung informiere ich Sie dar\u00fcber, wie auf dieser Website mit personenbezogenen Daten umgegangen wird. 1. Verantwortliche Stelle Akasha Sindler, BADienersdorf 848224 Kaindorf\u00d6sterreichE-Mail: mail@akashasindler.at 2. Kontaktaufnahme [&hellip;]<\/p>\n","protected":false},"author":3,"featured_media":0,"parent":0,"menu_order":0,"comment_status":"closed","ping_status":"closed","template":"rechtsseiten","meta":{"footnotes":""},"class_list":["post-187","page","type-page","status-publish","hentry"],"_links":{"self":[{"href":"https:\/\/akashasindler.at\/es\/wp-json\/wp\/v2\/pages\/187","targetHints":{"allow":["GET"]}}],"collection":[{"href":"https:\/\/akashasindler.at\/es\/wp-json\/wp\/v2\/pages"}],"about":[{"href":"https:\/\/akashasindler.at\/es\/wp-json\/wp\/v2\/types\/page"}],"author":[{"embeddable":true,"href":"https:\/\/akashasindler.at\/es\/wp-json\/wp\/v2\/users\/3"}],"replies":[{"embeddable":true,"href":"https:\/\/akashasindler.at\/es\/wp-json\/wp\/v2\/comments?post=187"}],"version-history":[{"count":2,"href":"https:\/\/akashasindler.at\/es\/wp-json\/wp\/v2\/pages\/187\/revisions"}],"predecessor-version":[{"id":230,"href":"https:\/\/akashasindler.at\/es\/wp-json\/wp\/v2\/pages\/187\/revisions\/230"}],"wp:attachment":[{"href":"https:\/\/akashasindler.at\/es\/wp-json\/wp\/v2\/media?parent=187"}],"curies":[{"name":"wp","href":"https:\/\/api.w.org\/{rel}","templated":true}]}}