{"id":189,"date":"2025-06-25T09:49:07","date_gmt":"2025-06-25T07:49:07","guid":{"rendered":"https:\/\/akashasindler.at\/?page_id=189"},"modified":"2025-06-27T08:49:05","modified_gmt":"2025-06-27T06:49:05","slug":"impressum","status":"publish","type":"page","link":"https:\/\/akashasindler.at\/es\/impressum\/","title":{"rendered":"Aviso legal"},"content":{"rendered":"<div class=\"wp-block-stackable-columns alignfull stk-block-columns stk-block stk-ef23180\" data-block-id=\"ef23180\"><style>.stk-ef23180-column{max-width:44vw !important;min-width:auto !important;margin-right:auto !important;margin-left:auto !important;}<\/style><div class=\"stk-row stk-inner-blocks stk-block-content stk-content-align stk-ef23180-column alignfull\">\n<div class=\"wp-block-stackable-column stk-block-column stk-column stk-block stk-a14babf\" data-v=\"4\" data-block-id=\"a14babf\"><div class=\"stk-column-wrapper stk-block-column__content stk-container stk-a14babf-container stk--no-background stk--no-padding\"><div class=\"stk-block-content stk-inner-blocks stk-a14babf-inner-blocks\">\n<p><strong>Informaci\u00f3n seg\u00fan \u00a7 5 ECG, \u00a7 25 Ley de Medios y \u00a7 14 UGB<\/strong><\/p>\n\n\n\n<p>Akasha Sindler, BA<br>Dienersdorf 84<br>8224 Kaindorf<br>Austria<br>Correo electr\u00f3nico: <a href=\"mailto:mail@akashasindler.at\">mail@akashasindler.at<\/a><\/p>\n\n\n\n<p><strong>Forma empresarial:<\/strong> Aut\u00f3nomo<br><strong>Peque\u00f1a empresaria seg\u00fan \u00a7 6, apartado 1, letra 27 de la Ley del IVA<\/strong><br><strong>Autoridad comercial:<\/strong> Oficina de la regi\u00f3n de Hartberg-F\u00fcrstenfeld<br><strong>Normativa profesional:<\/strong> Ley comercial <a>www.ris.bka.gv.at<\/a><\/p>\n\n\n\n<p><strong>Exenci\u00f3n de responsabilidad:<\/strong><br>Todos los contenidos han sido creados con cuidado. Sin embargo, no se puede asumir responsabilidad por la exactitud, integridad y actualidad de la informaci\u00f3n. Los contenidos vinculados est\u00e1n bajo la responsabilidad de los respectivos proveedores.<\/p>\n\n\n\n<p><strong>Derechos de autor:<\/strong><br>Los contenidos de esta p\u00e1gina est\u00e1n protegidos por derechos de autor. Cualquier uso fuera de los l\u00edmites legales requiere el consentimiento expreso.<\/p>\n<\/div><\/div><\/div>\n<\/div><\/div>","protected":false},"excerpt":{"rendered":"<p>Angaben gem\u00e4\u00df \u00a7 5 ECG, \u00a7 25 MedienG und \u00a7 14 UGB Akasha Sindler, BADienersdorf 848224 Kaindorf\u00d6sterreichE-Mail: mail@akashasindler.at Unternehmensform: EinzelunternehmenKleinunternehmerin gem\u00e4\u00df \u00a7 6 Abs. 1 Z 27 UStGGewerbebeh\u00f6rde: Bezirkshauptmannschaft Hartberg-F\u00fcrstenfeldBerufsrecht: Gewerbeordnung www.ris.bka.gv.at Haftungsausschluss:Alle Inhalte wurden sorgf\u00e4ltig erstellt. F\u00fcr Richtigkeit, Vollst\u00e4ndigkeit und Aktualit\u00e4t kann jedoch keine Haftung \u00fcbernommen werden. Verlinkte Inhalte unterliegen der Haftung der jeweiligen [&hellip;]<\/p>\n","protected":false},"author":3,"featured_media":0,"parent":0,"menu_order":0,"comment_status":"closed","ping_status":"closed","template":"rechtsseiten","meta":{"footnotes":""},"class_list":["post-189","page","type-page","status-publish","hentry"],"_links":{"self":[{"href":"https:\/\/akashasindler.at\/es\/wp-json\/wp\/v2\/pages\/189","targetHints":{"allow":["GET"]}}],"collection":[{"href":"https:\/\/akashasindler.at\/es\/wp-json\/wp\/v2\/pages"}],"about":[{"href":"https:\/\/akashasindler.at\/es\/wp-json\/wp\/v2\/types\/page"}],"author":[{"embeddable":true,"href":"https:\/\/akashasindler.at\/es\/wp-json\/wp\/v2\/users\/3"}],"replies":[{"embeddable":true,"href":"https:\/\/akashasindler.at\/es\/wp-json\/wp\/v2\/comments?post=189"}],"version-history":[{"count":2,"href":"https:\/\/akashasindler.at\/es\/wp-json\/wp\/v2\/pages\/189\/revisions"}],"predecessor-version":[{"id":222,"href":"https:\/\/akashasindler.at\/es\/wp-json\/wp\/v2\/pages\/189\/revisions\/222"}],"wp:attachment":[{"href":"https:\/\/akashasindler.at\/es\/wp-json\/wp\/v2\/media?parent=189"}],"curies":[{"name":"wp","href":"https:\/\/api.w.org\/{rel}","templated":true}]}}